{"id":198,"date":"2020-03-30T10:23:29","date_gmt":"2020-03-30T08:23:29","guid":{"rendered":"http:\/\/www.ingopin.de\/?page_id=198"},"modified":"2020-03-30T10:33:34","modified_gmt":"2020-03-30T08:33:34","slug":"impressum-2","status":"publish","type":"page","link":"https:\/\/www.ingopin.de\/?page_id=198","title":{"rendered":"Impressum"},"content":{"rendered":"\n<p>Impressum<br>Pflichtangaben im Sinne des Teledienstgesetzes \u00a76.<\/p>\n\n\n\n<p>Verantwortlicher f\u00fcr Inhalte:<br>Ingo Postler<br>16225 Eberswalde<br>Mobil: 0175 9635 7841<br>E-Mail: dienstmail(at)telta.de<\/p>\n\n\n\n<p>Haftungshinweis: Trotz sorgf\u00e4ltiger inhaltlicher Kontrolle \u00fcbernehme ich keine Haftung f\u00fcr die Inhalte externer Links. F\u00fcr den Inhalt der verlinkten Seiten sind ausschlie\u00dflich deren Betreiber verantwortlich.<\/p>\n\n\n\n<p>Impressum<br>Pflichtangaben im Sinne des Teledienstgesetzes \u00a76.<\/p>\n\n\n\n<p>Verantwortlicher f\u00fcr Inhalte:<br>Ingo Postler<br>16225 Eberswalde<br>Mobil: 0175 9635 7841<br>E-Mail: dienstmail(at)telta.de<\/p>\n\n\n\n<p>Haftungshinweis: Trotz sorgf\u00e4ltiger inhaltlicher Kontrolle \u00fcbernehme ich keine Haftung f\u00fcr die Inhalte externer Links. F\u00fcr den Inhalt der verlinkten Seiten sind ausschlie\u00dflich deren Betreiber verantwortlich.<\/p>\n","protected":false},"excerpt":{"rendered":"<p>ImpressumPflichtangaben im Sinne des Teledienstgesetzes \u00a76. Verantwortlicher f\u00fcr Inhalte:Ingo Postler16225 EberswaldeMobil: 0175 9635 7841E-Mail: dienstmail(at)telta.de Haftungshinweis: Trotz sorgf\u00e4ltiger inhaltlicher Kontrolle \u00fcbernehme ich keine Haftung f\u00fcr die Inhalte externer Links. F\u00fcr den Inhalt der verlinkten Seiten sind ausschlie\u00dflich deren Betreiber verantwortlich. ImpressumPflichtangaben im Sinne des Teledienstgesetzes \u00a76. Verantwortlicher f\u00fcr Inhalte:Ingo Postler16225 EberswaldeMobil: 0175 9635 7841E-Mail: dienstmail(at)telta.de &hellip; <\/p>\n<p class=\"link-more\"><a href=\"https:\/\/www.ingopin.de\/?page_id=198\" class=\"more-link\"><span class=\"screen-reader-text\">\u201eImpressum\u201c<\/span> weiterlesen<\/a><\/p>\n","protected":false},"author":1,"featured_media":0,"parent":0,"menu_order":0,"comment_status":"closed","ping_status":"closed","template":"","meta":{"ngg_post_thumbnail":0},"_links":{"self":[{"href":"https:\/\/www.ingopin.de\/index.php?rest_route=\/wp\/v2\/pages\/198"}],"collection":[{"href":"https:\/\/www.ingopin.de\/index.php?rest_route=\/wp\/v2\/pages"}],"about":[{"href":"https:\/\/www.ingopin.de\/index.php?rest_route=\/wp\/v2\/types\/page"}],"author":[{"embeddable":true,"href":"https:\/\/www.ingopin.de\/index.php?rest_route=\/wp\/v2\/users\/1"}],"replies":[{"embeddable":true,"href":"https:\/\/www.ingopin.de\/index.php?rest_route=%2Fwp%2Fv2%2Fcomments&post=198"}],"version-history":[{"count":3,"href":"https:\/\/www.ingopin.de\/index.php?rest_route=\/wp\/v2\/pages\/198\/revisions"}],"predecessor-version":[{"id":215,"href":"https:\/\/www.ingopin.de\/index.php?rest_route=\/wp\/v2\/pages\/198\/revisions\/215"}],"wp:attachment":[{"href":"https:\/\/www.ingopin.de\/index.php?rest_route=%2Fwp%2Fv2%2Fmedia&parent=198"}],"curies":[{"name":"wp","href":"https:\/\/api.w.org\/{rel}","templated":true}]}}