{"id":3,"date":"2009-06-19T10:28:12","date_gmt":"2009-06-19T08:28:12","guid":{"rendered":"http:\/\/www.ingopin.de\/?page_id=3"},"modified":"2020-03-30T10:21:59","modified_gmt":"2020-03-30T08:21:59","slug":"impressum","status":"publish","type":"page","link":"https:\/\/www.ingopin.de\/?page_id=3","title":{"rendered":"Impressum"},"content":{"rendered":"<p>Impressum<br \/>\nPflichtangaben im Sinne des Teledienstgesetzes \u00a76.<\/p>\n<p>Verantwortlicher f\u00fcr Inhalte:<br \/>\nIngo Postler<br \/>\n16225 Eberswalde<br \/>\nMobil: 0175 9635 7841<br \/>\nE-Mail: dienstmail(at)telta.de<\/p>\n<p>Haftungshinweis: Trotz sorgf\u00e4ltiger inhaltlicher Kontrolle \u00fcbernehme ich keine Haftung f\u00fcr die Inhalte externer Links. F\u00fcr den Inhalt der verlinkten Seiten sind ausschlie\u00dflich deren Betreiber verantwortlich.<\/p>\n","protected":false},"excerpt":{"rendered":"<p>Impressum Pflichtangaben im Sinne des Teledienstgesetzes \u00a76. Verantwortlicher f\u00fcr Inhalte: Ingo Postler 16225 Eberswalde Mobil: 0175 9635 7841 E-Mail: dienstmail(at)telta.de Haftungshinweis: Trotz sorgf\u00e4ltiger inhaltlicher Kontrolle \u00fcbernehme ich keine Haftung f\u00fcr die Inhalte externer Links. F\u00fcr den Inhalt der verlinkten Seiten sind ausschlie\u00dflich deren Betreiber verantwortlich.<\/p>\n","protected":false},"author":1,"featured_media":0,"parent":0,"menu_order":6,"comment_status":"closed","ping_status":"closed","template":"","meta":{"ngg_post_thumbnail":0},"_links":{"self":[{"href":"https:\/\/www.ingopin.de\/index.php?rest_route=\/wp\/v2\/pages\/3"}],"collection":[{"href":"https:\/\/www.ingopin.de\/index.php?rest_route=\/wp\/v2\/pages"}],"about":[{"href":"https:\/\/www.ingopin.de\/index.php?rest_route=\/wp\/v2\/types\/page"}],"author":[{"embeddable":true,"href":"https:\/\/www.ingopin.de\/index.php?rest_route=\/wp\/v2\/users\/1"}],"replies":[{"embeddable":true,"href":"https:\/\/www.ingopin.de\/index.php?rest_route=%2Fwp%2Fv2%2Fcomments&post=3"}],"version-history":[{"count":7,"href":"https:\/\/www.ingopin.de\/index.php?rest_route=\/wp\/v2\/pages\/3\/revisions"}],"predecessor-version":[{"id":174,"href":"https:\/\/www.ingopin.de\/index.php?rest_route=\/wp\/v2\/pages\/3\/revisions\/174"}],"wp:attachment":[{"href":"https:\/\/www.ingopin.de\/index.php?rest_route=%2Fwp%2Fv2%2Fmedia&parent=3"}],"curies":[{"name":"wp","href":"https:\/\/api.w.org\/{rel}","templated":true}]}}